{"id":51,"date":"2019-09-13T14:03:54","date_gmt":"2019-09-13T12:03:54","guid":{"rendered":"http:\/\/l-bulgaricus.de\/lbul\/?page_id=51"},"modified":"2019-09-25T21:18:47","modified_gmt":"2019-09-25T19:18:47","slug":"werkstadt","status":"publish","type":"page","link":"http:\/\/l-bulgaricus.de\/lbul\/aktivitaeten\/werkstadt\/","title":{"rendered":"Werkst\u00e4tte\/Traditionen"},"content":{"rendered":"<p><img loading=\"lazy\" decoding=\"async\" width=\"300\" height=\"300\" class=\"alignnone size-medium wp-image-107\" alt=\"\" src=\"http:\/\/l-bulgaricus.de\/lbul\/wp-content\/uploads\/2019\/09\/IMG_6118-300x300.jpg\" srcset=\"http:\/\/l-bulgaricus.de\/lbul\/wp-content\/uploads\/2019\/09\/IMG_6118-300x300.jpg 300w, http:\/\/l-bulgaricus.de\/lbul\/wp-content\/uploads\/2019\/09\/IMG_6118-150x150.jpg 150w, http:\/\/l-bulgaricus.de\/lbul\/wp-content\/uploads\/2019\/09\/IMG_6118-768x768.jpg 768w, http:\/\/l-bulgaricus.de\/lbul\/wp-content\/uploads\/2019\/09\/IMG_6118-1024x1024.jpg 1024w, http:\/\/l-bulgaricus.de\/lbul\/wp-content\/uploads\/2019\/09\/IMG_6118-80x80.jpg 80w, http:\/\/l-bulgaricus.de\/lbul\/wp-content\/uploads\/2019\/09\/IMG_6118.jpg 2048w\" sizes=\"auto, (max-width: 300px) 100vw, 300px\" \/><\/p>\n<p>Einzigartige Traditionen pr\u00e4gen die Identit\u00e4t der Bulgaren, gemeinsame Erlebnisse in Form von Themenwerkst\u00e4tte&nbsp; f\u00fcr Gro\u00df und Klein: Basteln, Lesungen, Kochkurse.<\/p>\n","protected":false},"excerpt":{"rendered":"<p>Einzigartige Traditionen pr\u00e4gen die Identit\u00e4t der Bulgaren, gemeinsame Erlebnisse in Form von Themenwerkst\u00e4tte&nbsp; f\u00fcr Gro\u00df und Klein: Basteln, Lesungen, Kochkurse.<\/p>\n","protected":false},"author":1,"featured_media":0,"parent":45,"menu_order":0,"comment_status":"closed","ping_status":"closed","template":"","meta":{"footnotes":""},"class_list":["post-51","page","type-page","status-publish","hentry"],"_links":{"self":[{"href":"http:\/\/l-bulgaricus.de\/lbul\/wp-json\/wp\/v2\/pages\/51","targetHints":{"allow":["GET"]}}],"collection":[{"href":"http:\/\/l-bulgaricus.de\/lbul\/wp-json\/wp\/v2\/pages"}],"about":[{"href":"http:\/\/l-bulgaricus.de\/lbul\/wp-json\/wp\/v2\/types\/page"}],"author":[{"embeddable":true,"href":"http:\/\/l-bulgaricus.de\/lbul\/wp-json\/wp\/v2\/users\/1"}],"replies":[{"embeddable":true,"href":"http:\/\/l-bulgaricus.de\/lbul\/wp-json\/wp\/v2\/comments?post=51"}],"version-history":[{"count":6,"href":"http:\/\/l-bulgaricus.de\/lbul\/wp-json\/wp\/v2\/pages\/51\/revisions"}],"predecessor-version":[{"id":145,"href":"http:\/\/l-bulgaricus.de\/lbul\/wp-json\/wp\/v2\/pages\/51\/revisions\/145"}],"up":[{"embeddable":true,"href":"http:\/\/l-bulgaricus.de\/lbul\/wp-json\/wp\/v2\/pages\/45"}],"wp:attachment":[{"href":"http:\/\/l-bulgaricus.de\/lbul\/wp-json\/wp\/v2\/media?parent=51"}],"curies":[{"name":"wp","href":"https:\/\/api.w.org\/{rel}","templated":true}]}}